{"id":240,"date":"2023-06-08T23:44:20","date_gmt":"2023-06-08T23:44:20","guid":{"rendered":"https:\/\/fmedservice.com\/?page_id=240"},"modified":"2023-06-26T13:09:31","modified_gmt":"2023-06-26T13:09:31","slug":"jardinage","status":"publish","type":"page","link":"https:\/\/fmedservice.com\/en\/jardinage\/","title":{"rendered":"Gardening"},"content":{"rendered":"<section class=\"section\" id=\"section_1140444015\">\n\t\t<div class=\"section-bg fill\" >\n\t\t\t<img loading=\"lazy\" decoding=\"async\" width=\"2048\" height=\"1360\" src=\"https:\/\/fmedservice.com\/wp-content\/uploads\/2023\/06\/bannzer-min.jpeg\" class=\"bg attachment-original size-original\" alt=\"\" \/>\t\t\t\t\t\t<div class=\"section-bg-overlay absolute fill\"><\/div>\n\t\t\t\n\n\t\t<\/div>\n\n\t\t\n\n\t\t<div class=\"section-content relative\">\n\t\t\t\n\n<div class=\"row\"  id=\"row-2003109269\">\n\n\n\t<div id=\"col-1122742187\" class=\"col medium-5 small-12 large-5\"  >\n\t\t\t\t<div class=\"col-inner\"  >\n\t\t\t\n\t\t\t\n\n\t<div id=\"gap-683705876\" class=\"gap-element clearfix\" style=\"display:block; height:auto;\">\n\t\t\n<style>\n#gap-683705876 {\n  padding-top: 0px;\n}\n@media (min-width:850px) {\n  #gap-683705876 {\n    padding-top: 30px;\n  }\n}\n<\/style>\n\t<\/div>\n\t\n\n\n\t\t<\/div>\n\t\t\t\t\t<\/div>\n\n\t\n\n\t<div id=\"col-202512104\" class=\"col medium-12 small-12 large-7\"  >\n\t\t\t\t<div class=\"col-inner\"  >\n\t\t\t\n\t\t\t\n\n\t<div id=\"gap-943054921\" class=\"gap-element clearfix\" style=\"display:block; height:auto;\">\n\t\t\n<style>\n#gap-943054921 {\n  padding-top: 30px;\n}\n<\/style>\n\t<\/div>\n\t\n\n\t<div id=\"text-1434364836\" class=\"text\">\n\t\t\n\n<h6>fmedservice<\/h6>\n\t\t\n<style>\n#text-1434364836 {\n  font-size: 1rem;\n  color: rgb(255,255,255);\n}\n#text-1434364836 > * {\n  color: rgb(255,255,255);\n}\n@media (min-width:550px) {\n  #text-1434364836 {\n    font-size: 1.25rem;\n  }\n}\n<\/style>\n\t<\/div>\n\t\n\t<div id=\"text-4129496681\" class=\"text\">\n\t\t\n\n<h1>Gardening<\/h1>\n\t\t\n<style>\n#text-4129496681 {\n  font-size: 2.5rem;\n  color: rgb(255,255,255);\n}\n#text-4129496681 > * {\n  color: rgb(255,255,255);\n}\n@media (min-width:550px) {\n  #text-4129496681 {\n    font-size: 3rem;\n  }\n}\n<\/style>\n\t<\/div>\n\t\n\n\t\t<\/div>\n\t\t\t\t\n<style>\n#col-202512104 > .col-inner {\n  padding: 0px 0px 0px 0;\n}\n@media (min-width:550px) {\n  #col-202512104 > .col-inner {\n    padding: 0px 0px 0px 30px;\n  }\n}\n<\/style>\n\t<\/div>\n\n\t\n\n<\/div>\n\n\t\t<\/div>\n\n\t\t\n<style>\n#section_1140444015 {\n  padding-top: 30px;\n  padding-bottom: 30px;\n  min-height: 300px;\n}\n#section_1140444015 .section-bg-overlay {\n  background-color: rgba(0, 0, 0, 0.744);\n}\n#section_1140444015 .section-bg img {\n  object-position: 15% 85%;\n}\n@media (min-width:550px) {\n  #section_1140444015 {\n    min-height: 450px;\n  }\n}\n@media (min-width:850px) {\n  #section_1140444015 {\n    min-height: 500px;\n  }\n}\n<\/style>\n\t<\/section>\n\t\n<div class=\"row\" style=\"max-width:1200px\" id=\"row-667447494\">\n\n\n\t<div id=\"col-890577255\" class=\"col medium-12 small-12 large-5\"  >\n\t\t\t\t<div class=\"col-inner\"  >\n\t\t\t\n\t\t\t\n\n\n  <div class=\"banner has-hover\" id=\"banner-395568811\">\n          <div class=\"banner-inner fill\">\n        <div class=\"banner-bg fill\" >\n            <img loading=\"lazy\" decoding=\"async\" width=\"614\" height=\"800\" src=\"https:\/\/fmedservice.com\/wp-content\/uploads\/2023\/06\/0c601e84139371d736335784e33d2b0e-min-614x800.jpg\" class=\"bg attachment-large size-large\" alt=\"\" \/>                                    \n                    <\/div>\n\t\t\n        <div class=\"banner-layers container\">\n            <div class=\"fill banner-link\"><\/div>            \n\n\n        <\/div>\n      <\/div>\n\n            \n<style>\n#banner-395568811 {\n  padding-top: 300px;\n  background-color: rgb(255, 255, 255);\n}\n#banner-395568811 .banner-bg img {\n  object-position: 57% 49%;\n}\n@media (min-width:550px) {\n  #banner-395568811 {\n    padding-top: 500px;\n  }\n}\n@media (min-width:850px) {\n  #banner-395568811 {\n    padding-top: 650px;\n  }\n}\n<\/style>\n  <\/div>\n\n\n\t<div id=\"gap-927373061\" class=\"gap-element clearfix\" style=\"display:block; height:auto;\">\n\t\t\n<style>\n#gap-927373061 {\n  padding-top: 0px;\n}\n@media (min-width:850px) {\n  #gap-927373061 {\n    padding-top: 100px;\n  }\n}\n<\/style>\n\t<\/div>\n\t\n\n\n\t\t<\/div>\n\t\t\t\t\n<style>\n#col-890577255 > .col-inner {\n  margin: -100px 0px 0px 0px;\n}\n@media (min-width:550px) {\n  #col-890577255 > .col-inner {\n    margin: -150px 0px 0px 0px;\n  }\n}\n@media (min-width:850px) {\n  #col-890577255 > .col-inner {\n    margin: -400px 0px 0px 0px;\n  }\n}\n<\/style>\n\t<\/div>\n\n\t\n\n\t<div id=\"col-1625892436\" class=\"col medium-11 small-12 large-7\"  >\n\t\t\t\t<div class=\"col-inner\"  >\n\t\t\t\n\t\t\t\n\n\t<div id=\"gap-160205821\" class=\"gap-element clearfix\" style=\"display:block; height:auto;\">\n\t\t\n<style>\n#gap-160205821 {\n  padding-top: 30px;\n}\n<\/style>\n\t<\/div>\n\t\n\n<p>The Fmedservice gardening team works on behalf of individuals, communities, condominium trustees and also for companies in Agadir and throughout Morocco.<\/p>\n<p>We accompany you throughout the seasons in the creation of your garden, your terrace and your green spaces for any redevelopment or maintenance.<\/p>\n<p>Fmedservice is a company specializing in the maintenance and creation of gardens and green spaces in Agadir and throughout Morocco. We offer our services for all your gardening work in Agadir, landscaping work: garden and lawn maintenance, plants and plantations, terrace landscaping... in Agadir. Realization and monitoring of gardens of all sizes.<\/p>\n<a href=\"\/en\/contactez-nous\/\" class=\"button secondary is-underline\" >\n\t\t<span>Contact Us<\/span>\n\t<\/a>\n\n\n\n\t\t<\/div>\n\t\t\t\t\n<style>\n#col-1625892436 > .col-inner {\n  padding: 0px 0px 0px 0;\n}\n@media (min-width:550px) {\n  #col-1625892436 > .col-inner {\n    padding: 0px 0px 0px 30px;\n  }\n}\n<\/style>\n\t<\/div>\n\n\t\n\n<\/div>\n\n\t<section class=\"section\" id=\"section_608965532\">\n\t\t<div class=\"section-bg fill\" >\n\t\t\t\t\t\t\t\t\t\n\t\t\t\n\n\t\t<\/div>\n\n\t\t\n\n\t\t<div class=\"section-content relative\">\n\t\t\t\n\n<div class=\"row\" style=\"max-width:1200px\" id=\"row-828112933\">\n\n\n\t<div id=\"col-1438848897\" class=\"col small-12 large-12\"  >\n\t\t\t\t<div class=\"col-inner\"  >\n\t\t\t\n\t\t\t\n\n\t<div id=\"text-3867311379\" class=\"text\">\n\t\t\n\n<h6>fmedservice<\/h6>\n\t\t\n<style>\n#text-3867311379 {\n  font-size: 1.1rem;\n  text-align: center;\n}\n<\/style>\n\t<\/div>\n\t\n\t<div id=\"text-524793119\" class=\"text\">\n\t\t\n\n<h1>WHAT DO WE DO<\/h1>\n\t\t\n<style>\n#text-524793119 {\n  font-size: 1.75rem;\n  text-align: center;\n}\n<\/style>\n\t<\/div>\n\t\n\n\t\t<\/div>\n\t\t\t\t\t<\/div>\n\n\t\n\n<\/div>\n<div class=\"row row-large row-solid\" style=\"max-width:1200px\" id=\"row-1338553552\">\n\n\n\t<div id=\"col-1413556640\" class=\"col medium-10 small-12 large-6\"  >\n\t\t\t\t<div class=\"col-inner\"  >\n\t\t\t\n\t\t\t\n\n\n\t\t<div class=\"icon-box featured-box icon-box-left text-left\"  >\n\t\t\t\t\t<div class=\"icon-box-img\" style=\"width: 69px\">\n\t\t\t\t<div class=\"icon\">\n\t\t\t\t\t<div class=\"icon-inner\" >\n\t\t\t\t\t\t<img loading=\"lazy\" decoding=\"async\" width=\"120\" height=\"120\" src=\"https:\/\/fmedservice.com\/wp-content\/uploads\/2023\/06\/check-line.png\" class=\"attachment-medium size-medium\" alt=\"\" \/>\t\t\t\t\t<\/div>\n\t\t\t\t<\/div>\n\t\t\t<\/div>\n\t\t\t\t<div class=\"icon-box-text last-reset\">\n\t\t\t\t\t\t\t\t\t\n\n<ul>\n<li>Creation of the gardens<\/li>\n<li>Garden maintenance<\/li>\n<li>Grass removal<\/li>\n<li>Renovation of green spaces<\/li>\n<li>Creation of water scenes<\/li>\n<\/ul>\n<div id=\"gtx-trans\" style=\"position: absolute; left: -2px; top: -11.6094px;\">\n<div class=\"gtx-trans-icon\">\u00a0<\/div>\n<\/div>\n\n\t\t<\/div>\n\t<\/div>\n\t\n\t\n\n\t\t<\/div>\n\t\t\t\t\n<style>\n#col-1413556640 > .col-inner {\n  padding: 0px 0 0px 0px;\n}\n@media (min-width:850px) {\n  #col-1413556640 > .col-inner {\n    padding: 0px 40px 0px 0px;\n  }\n}\n<\/style>\n\t<\/div>\n\n\t\n\n\t<div id=\"col-1036372729\" class=\"col medium-10 small-12 large-6\"  >\n\t\t\t\t<div class=\"col-inner\"  >\n\t\t\t\n\t\t\t\n\n\n\t\t<div class=\"icon-box featured-box icon-box-left text-left\"  >\n\t\t\t\t\t<div class=\"icon-box-img\" style=\"width: 69px\">\n\t\t\t\t<div class=\"icon\">\n\t\t\t\t\t<div class=\"icon-inner\" >\n\t\t\t\t\t\t<img loading=\"lazy\" decoding=\"async\" width=\"120\" height=\"120\" src=\"https:\/\/fmedservice.com\/wp-content\/uploads\/2023\/06\/check-line.png\" class=\"attachment-medium size-medium\" alt=\"\" \/>\t\t\t\t\t<\/div>\n\t\t\t\t<\/div>\n\t\t\t<\/div>\n\t\t\t\t<div class=\"icon-box-text last-reset\">\n\t\t\t\t\t\t\t\t\t\n\n<ul>\n<li>Evacuation of green waste<\/li>\n<li>Palm tree pruning<\/li>\n<li>Tree pruning<\/li>\n<li>Automatic watering<\/li>\n<\/ul>\n<div id=\"gtx-trans\" style=\"position: absolute; left: 300px; top: 119.828px;\">\n<div class=\"gtx-trans-icon\">\u00a0<\/div>\n<\/div>\n\n\t\t<\/div>\n\t<\/div>\n\t\n\t\n\n\t\t<\/div>\n\t\t\t\t\n<style>\n#col-1036372729 > .col-inner {\n  padding: 0px 0px 0px 0;\n}\n@media (min-width:850px) {\n  #col-1036372729 > .col-inner {\n    padding: 0px 0px 0px 30px;\n  }\n}\n<\/style>\n\t<\/div>\n\n\t\n\n\t<div id=\"col-660772547\" class=\"col small-12 large-12\"  >\n\t\t\t\t<div class=\"col-inner\"  >\n\t\t\t\n\t\t\t\n\n<p>Retrouvez tous nos services en un clin d\u2019oeil sur notre site web. Une \u00e9quipe de professionnels de jardinage et am\u00e9nagement de vos espaces verts \u00e0 Agadir vous guidera tout au long de la r\u00e9alisation de votre projet de jardinage \u00e0 Agadir. Vous b\u00e9n\u00e9ficierez ainsi d\u2019un travail de jardinage adapt\u00e9 \u00e0 vos besoins et \u00e0 votre budget. Nous nous d\u00e9pla\u00e7ons sur les r\u00e9gions de Agadir et partout au maroc. Contactez nous pour toute information compl\u00e9mentaire sur nos services de jardinage.<\/p>\n<p>Our gardening company takes care of the maintenance of parks, gardens, terraces, balconies and commercial premises. She takes care of your lawn mowing, hedge and flower bed trimming, etc. Everything your garden will need, such as tree care and fertilizer.<\/p>\n<p>Fmedservice works responsibly towards the environment. Thanks to its specialized equipment and offer you its services for the maintenance of gardens, parks and green spaces.<\/p>\n<p>We bring you all the advice, suggestions and solutions necessary for the perfect maintenance of your garden, while carrying out paving works that take into account your needs, your desires but also and above all, your budget.<\/p>\n<div id=\"gtx-trans\" style=\"position: absolute; left: 321px; top: 74.8281px;\">\n<div class=\"gtx-trans-icon\">\u00a0<\/div>\n<\/div>\n\n\n\t\t<\/div>\n\t\t\t\t\t<\/div>\n\n\t\n\n<\/div>\n\t<div id=\"gap-1921971034\" class=\"gap-element clearfix\" style=\"display:block; height:auto;\">\n\t\t\n<style>\n#gap-1921971034 {\n  padding-top: 30px;\n}\n<\/style>\n\t<\/div>\n\t\n\n\n\t\t<\/div>\n\n\t\t\n<style>\n#section_608965532 {\n  padding-top: 80px;\n  padding-bottom: 80px;\n  background-color: rgb(242, 238, 241);\n}\n<\/style>\n\t<\/section>\n\t\n\n\t<section class=\"section dark\" id=\"section_653825976\">\n\t\t<div class=\"section-bg fill\" >\n\t\t\t\t\t\t\t\t\t\n\t\t\t\n\n\t\t<\/div>\n\n\t\t\n\n\t\t<div class=\"section-content relative\">\n\t\t\t\n\n<div class=\"row align-bottom\" style=\"max-width:1200px\" id=\"row-1670516493\">\n\n\n\t<div id=\"col-1497614433\" class=\"col medium-12 small-12 large-6\"  >\n\t\t\t\t<div class=\"col-inner\"  >\n\t\t\t\n\t\t\t\n\n\t<div id=\"text-494824184\" class=\"text\">\n\t\t\n\n<h2>DO YOU WISH TO PROCEED TO OUR GARDENING SERVICES?<\/h2>\n\t\t\n<style>\n#text-494824184 {\n  font-size: 1.75rem;\n}\n@media (min-width:550px) {\n  #text-494824184 {\n    font-size: 1.5rem;\n  }\n}\n<\/style>\n\t<\/div>\n\t\n\n\t\t<\/div>\n\t\t\t\t\t<\/div>\n\n\t\n\n\t<div id=\"col-1694696569\" class=\"col medium-12 small-12 large-6\"  >\n\t\t\t\t<div class=\"col-inner\"  >\n\t\t\t\n\t\t\t\n\n<a href=\"\/en\/contactez-nous\/\" class=\"button white expand\" style=\"padding:5px 0px 5px 0px;\">\n\t\t<span>YES I WANT<\/span>\n\t<\/a>\n\n\n\n\t\t<\/div>\n\t\t\t\t\n<style>\n#col-1694696569 > .col-inner {\n  padding: 0px 0px 0px 0;\n  margin: 0 0px 0px 0px;\n}\n@media (min-width:850px) {\n  #col-1694696569 > .col-inner {\n    padding: 0px 0px 0px 30px;\n    margin: -70px 0px 0px 0px;\n  }\n}\n<\/style>\n\t<\/div>\n\n\t\n\n<\/div>\n\n\t\t<\/div>\n\n\t\t\n<style>\n#section_653825976 {\n  padding-top: 40px;\n  padding-bottom: 40px;\n  background-color: rgb(39, 54, 71);\n}\n<\/style>\n\t<\/section>","protected":false},"excerpt":{"rendered":"","protected":false},"author":1,"featured_media":0,"parent":0,"menu_order":0,"comment_status":"closed","ping_status":"closed","template":"page-blank.php","meta":{"footnotes":""},"class_list":["post-240","page","type-page","status-publish","hentry"],"_links":{"self":[{"href":"https:\/\/fmedservice.com\/en\/wp-json\/wp\/v2\/pages\/240","targetHints":{"allow":["GET"]}}],"collection":[{"href":"https:\/\/fmedservice.com\/en\/wp-json\/wp\/v2\/pages"}],"about":[{"href":"https:\/\/fmedservice.com\/en\/wp-json\/wp\/v2\/types\/page"}],"author":[{"embeddable":true,"href":"https:\/\/fmedservice.com\/en\/wp-json\/wp\/v2\/users\/1"}],"replies":[{"embeddable":true,"href":"https:\/\/fmedservice.com\/en\/wp-json\/wp\/v2\/comments?post=240"}],"version-history":[{"count":12,"href":"https:\/\/fmedservice.com\/en\/wp-json\/wp\/v2\/pages\/240\/revisions"}],"predecessor-version":[{"id":431,"href":"https:\/\/fmedservice.com\/en\/wp-json\/wp\/v2\/pages\/240\/revisions\/431"}],"wp:attachment":[{"href":"https:\/\/fmedservice.com\/en\/wp-json\/wp\/v2\/media?parent=240"}],"curies":[{"name":"wp","href":"https:\/\/api.w.org\/{rel}","templated":true}]}}